{"id":382,"date":"2019-12-08T20:25:06","date_gmt":"2019-12-08T19:25:06","guid":{"rendered":"http:\/\/morteorazione.advisualweb.it\/?page_id=382"},"modified":"2026-02-20T14:25:04","modified_gmt":"2026-02-20T14:25:04","slug":"la-corale","status":"publish","type":"page","link":"https:\/\/morteeorazionelanciano.it\/?page_id=382","title":{"rendered":"La Corale"},"content":{"rendered":"<p>[et_pb_section fb_built=&#8221;1&#8243; fullwidth=&#8221;on&#8221; admin_label=&#8221;Header Section&#8221; _builder_version=&#8221;4.16&#8243; background_color=&#8221;#000000&#8243; custom_padding=&#8221;|||&#8221; global_colors_info=&#8221;{}&#8221;][et_pb_fullwidth_slider use_bg_overlay=&#8221;off&#8221; _builder_version=&#8221;4.27.5&#8243; min_height=&#8221;588px&#8221; custom_margin=&#8221;||-23px|||&#8221; custom_padding=&#8221;||2px|||&#8221; auto=&#8221;on&#8221; hover_enabled=&#8221;0&#8243; global_colors_info=&#8221;{}&#8221; sticky_enabled=&#8221;0&#8243;][et_pb_slide _builder_version=&#8221;4.27.5&#8243; background_image=&#8221;https:\/\/morteeorazionelanciano.it\/wp-content\/uploads\/2020\/02\/Archivio-arciconfraternita-F-Fazi18.jpg&#8221; background_enable_image=&#8221;on&#8221; custom_padding=&#8221;||||false|false&#8221; hover_enabled=&#8221;0&#8243; global_colors_info=&#8221;{}&#8221; sticky_transition=&#8221;on&#8221; title_text=&#8221;Archivio arciconfraternita F Fazi18&#8243; sticky_enabled=&#8221;0&#8243;][\/et_pb_slide][\/et_pb_fullwidth_slider][\/et_pb_section][et_pb_section fb_built=&#8221;1&#8243; _builder_version=&#8221;4.16&#8243; background_color=&#8221;#000000&#8243; global_colors_info=&#8221;{}&#8221;][et_pb_row column_structure=&#8221;1_2,1_2&#8243; _builder_version=&#8221;4.16&#8243; global_colors_info=&#8221;{}&#8221;][et_pb_column type=&#8221;1_2&#8243; _builder_version=&#8221;4.16&#8243; global_colors_info=&#8221;{}&#8221;][et_pb_text _builder_version=&#8221;4.16&#8243; global_colors_info=&#8221;{}&#8221;]<\/p>\n<h2>Corale San Filippo Neri<\/h2>\n<p>&nbsp;<\/p>\n<h1>&#8220;Chi canta prega due volte&#8221;<\/h1>\n<p>Questa frase, attribuita a Sant&#8217;Agostino, bene si presta a rappresentare cosa sia la musica, ed il canto in particolare, per l&#8217;Arciconfraternita: non una semplice colonna sonora, un sottofondo per arricchire le cerimonie religiose ed i momenti forti che ci contraddistinguono e per cui la citt\u00e0 tutta conosce il Sodalizio, bens\u00ec un mezzo particolare attraverso cui elevare la preghiera a Dio. \u00a0\u00a0\u00a0\u00a0\u00a0\u00a0\u00a0\u00a0 <br \/> Il canto corale \u00e8, d&#8217;altronde, una felice metafora di ci\u00f2 che lo spirito confraternale incarna: tante identit\u00e0 differenti, accomunate da un&#8217;unica passione, che collaborano assieme per raggiungere l&#8217;obiettivo comune.<\/p>\n<p>[\/et_pb_text][et_pb_image src=&#8221;http:\/\/morteorazione.advisualweb.it\/wp-content\/uploads\/sites\/49\/2020\/01\/MG_28121111-scaled.jpg&#8221; _builder_version=&#8221;4.16&#8243; global_colors_info=&#8221;{}&#8221;][\/et_pb_image][et_pb_text _builder_version=&#8221;4.16&#8243; global_colors_info=&#8221;{}&#8221;]<\/p>\n<p>&nbsp;<\/p>\n<p>Cambiano i volti, cambiano le persone, ma lo spirito e le emozioni che si provano a calcare i gradini dell&#8217;altare della Cattedrale di Lanciano, la sera del Mercoled\u00ec Santo\u2026 quelli non cambiano mai.<\/p>\n<p>Altro appuntamento impegnativo ma non meno importante per la Corale &#8220;San Filippo Neri&#8221;, sebbene meno conosciuto ai pi\u00f9, \u00e8 l&#8217;Ottavario dei Defunti. Pia tradizione che affonda le sue radici nella notte dei tempi, fortemente legata al nome stesso dell&#8217;Arciconfraternita, essa ha luogo nei giorni in cui la Chiesa chiama i fedeli a ricordare i nostri cari che non ci sono pi\u00f9 con preghiere e visite ai cimiteri. L&#8217;Arciconfraternita, ed in particolar modo la Corale, non si fa trovare impreparata. Negli otto giorni che precedono la Commemorazione dei Defunti, infatti, i soli coristi uomini intonano, in occasione della Celebrazione Eucaristica quotidiana, le note commoventi del Requiem di Masciangelo ed il salmo 129, noto come <em>De Profundis<\/em>. Nella Chiesa di Santa Chiara in penombra, drappi neri che adornano le colonne, al suono della <em>racanella <\/em>che raccoglie alla preghiera, le gravi note delle voci virili ci uniscono idealmente in preghiera con coloro che ci hanno preceduto. Tuttavia le coriste non sono lasciate in disparte. Nella giornata del 1\u00b0 Novembre, quando l&#8217;Arciconfraternita si reca in pellegrinaggio al cimitero di Lanciano, assieme agli uomini animano la Celebrazione Eucaristica nella Solennit\u00e0 di Tutti i Santi che ha luogo nella cappella cimiteriale.<\/p>\n<p>Il canto nella Liturgia \u00e8 il terzo servizio a cui i confratelli che compongono la Corale sono chiamati, a svolgere. Nei tempi forti dell&#8217;anno liturgico e nelle memorie dei nostri Santi Protettori, infatti, i coristi sono sempre presenti e contribuiscono a rendere la Santa Messa un momento di preghiera intenso e partecipato.<\/p>\n<p>Nel anni, la Corale &#8220;San Filippo Neri&#8221; ha saputo accogliere tra le sue fila, non solo coloro che, iscritti al sodalizio, avessero voluto farne parte, ma anche coloro che, dall&#8217;esterno si sono incuriositi e appassionati alle attivit\u00e0 musicali. Molte sono le storie di confratelli che, prima di iniziare il percorso del noviziato, gi\u00e0 frequentavano l&#8217;Arciconfraternita attraverso la Corale.<\/p>\n<p>Per concludere, non \u00e8 importante possedere una grande voce o essere in possesso di titoli di studio, se ci si mette il cuore, la musica viene dall&#8217;anima<\/p>\n<p>[\/et_pb_text][\/et_pb_column][et_pb_column type=&#8221;1_2&#8243; _builder_version=&#8221;4.16&#8243; global_colors_info=&#8221;{}&#8221;][et_pb_image src=&#8221;http:\/\/morteorazione.advisualweb.it\/wp-content\/uploads\/sites\/49\/2020\/01\/DSC_0007-scaled.jpg&#8221; _builder_version=&#8221;4.16&#8243; global_colors_info=&#8221;{}&#8221;][\/et_pb_image][et_pb_text _builder_version=&#8221;4.16&#8243; global_colors_info=&#8221;{}&#8221;]<\/p>\n<p>Non \u00e8 un caso, dunque, che gran parte delle attivit\u00e0 confraternali siano accompagnate dalle voci dei confratelli e delle consorelle, talvolta unendosi in una preghiera che si fa musica con il supporto di una semplice chitarra, altre volte in solenni canti liturgici tradizionali, fino agli struggenti brani di autori di primaria rilevanza sul piano musicale, storico e culture per il territorio frentano.<\/p>\n<p>Come tanti elementi chiave della grande &#8220;macchina&#8221; che \u00e8 oggi l&#8217;Arciconfraternita &#8220;Morte e Orazione&#8221;, anche la Corale &#8220;San Filippo Neri&#8221; parte da molto lontano. Ormai oltre trent&#8217;anni fa, sotto l&#8217;egida del compianto Priore Filippo De Rosa, grande cultore di musica, l&#8217;Arciconfraternita riusc\u00ec a riportare in vita le musiche sacre composte dai maestri Masciangelo e\u00a0 Bellini, che per decenni erano state eseguite durante le storiche &#8220;posate&#8221; del Venerd\u00ec Santo, ma che, con l&#8217;abolizione di quest&#8217;ultime, erano cadute &#8220;in disgrazia&#8221;. Mosso dunque dalla volont\u00e0 di recuperare e valorizzare un patrimonio culturale, forse immateriale, ma non meno importante, non solo per l&#8217;arciconfraternita, ma per tutta la citt\u00e0 di Lanciano, in occasione della Pasqua del 1981, praticamente dal nulla insieme ad un gruppo di volenterosi confratelli e consorelle, egli ha dato vita alla Corale &#8220;San Filippo Neri&#8221;. Da allora, ogni anno, si rinnova questo impegno da parte dei coristi i quali aggiungono alla loro giornata lavorativa lunghe prove serali, affrontando testi musicali di un notevole spessore, pur essendo semplici cantanti amatoriali, supportati negli anni da valenti professionisti. Superando il freddo dell&#8217;inverno e la stanchezza, attraverso la preghiera e l&#8217;unione che si rinsalda di prova in prova, i coristi possono cos\u00ec offrire alla cittadinanza, durante la Settimana Santa, non solamente una performance musicale di spessore, grazie all&#8217;accompagnamento dell&#8217;Orchestra dell&#8217;Arciconfraternita, ma anche un momento in cui fermarsi a riflettere sui Misteri del Triduo Pasquale, che trovano il loro culmine nelle toccanti note e significative parole del <em>Christus <\/em>\u00a0del M.\u00b0 Masciangelo. E se da un lato quelle note potranno sembrare familiari e talvolta ripetitive ai pi\u00f9, non \u00e8 certo solo per una questione di semplice tradizione che, da quasi quarant&#8217;anni, il repertorio \u00e8 sempre lo stesso: tramandare di generazione in generazione i nostri tesori, culturali e spirituali, \u00e8, del resto, insito nel DNA del sodalizio.<\/p>\n<p>[\/et_pb_text][et_pb_image src=&#8221;http:\/\/morteorazione.advisualweb.it\/wp-content\/uploads\/sites\/49\/2020\/01\/MG_28331111-scaled.jpg&#8221; _builder_version=&#8221;4.16&#8243; global_colors_info=&#8221;{}&#8221;][\/et_pb_image][\/et_pb_column][\/et_pb_row][\/et_pb_section]<\/p>\n","protected":false},"excerpt":{"rendered":"<p>Corale San Filippo Neri &nbsp; &#8220;Chi canta prega due volte&#8221; Questa frase, attribuita a Sant&#8217;Agostino, bene si presta a rappresentare cosa sia la musica, ed il canto in particolare, per l&#8217;Arciconfraternita: non una semplice colonna sonora, un sottofondo per arricchire le cerimonie religiose ed i momenti forti che ci contraddistinguono e per cui la citt\u00e0 [&hellip;]<\/p>\n","protected":false},"author":2,"featured_media":0,"parent":0,"menu_order":0,"comment_status":"closed","ping_status":"closed","template":"","meta":{"_et_pb_use_builder":"on","_et_pb_old_content":"","_et_gb_content_width":"","footnotes":""},"class_list":["post-382","page","type-page","status-publish","hentry"],"_links":{"self":[{"href":"https:\/\/morteeorazionelanciano.it\/index.php?rest_route=\/wp\/v2\/pages\/382","targetHints":{"allow":["GET"]}}],"collection":[{"href":"https:\/\/morteeorazionelanciano.it\/index.php?rest_route=\/wp\/v2\/pages"}],"about":[{"href":"https:\/\/morteeorazionelanciano.it\/index.php?rest_route=\/wp\/v2\/types\/page"}],"author":[{"embeddable":true,"href":"https:\/\/morteeorazionelanciano.it\/index.php?rest_route=\/wp\/v2\/users\/2"}],"replies":[{"embeddable":true,"href":"https:\/\/morteeorazionelanciano.it\/index.php?rest_route=%2Fwp%2Fv2%2Fcomments&post=382"}],"version-history":[{"count":1,"href":"https:\/\/morteeorazionelanciano.it\/index.php?rest_route=\/wp\/v2\/pages\/382\/revisions"}],"predecessor-version":[{"id":1372,"href":"https:\/\/morteeorazionelanciano.it\/index.php?rest_route=\/wp\/v2\/pages\/382\/revisions\/1372"}],"wp:attachment":[{"href":"https:\/\/morteeorazionelanciano.it\/index.php?rest_route=%2Fwp%2Fv2%2Fmedia&parent=382"}],"curies":[{"name":"wp","href":"https:\/\/api.w.org\/{rel}","templated":true}]}}