{"id":364,"date":"2019-12-08T20:17:32","date_gmt":"2019-12-08T19:17:32","guid":{"rendered":"http:\/\/morteorazione.advisualweb.it\/?page_id=364"},"modified":"2026-02-20T14:08:09","modified_gmt":"2026-02-20T14:08:09","slug":"il-sepolcro","status":"publish","type":"page","link":"https:\/\/morteeorazionelanciano.it\/?page_id=364","title":{"rendered":"il Sepolcro"},"content":{"rendered":"<p>[et_pb_section fb_built=&#8221;1&#8243; fullwidth=&#8221;on&#8221; admin_label=&#8221;Header Section&#8221; _builder_version=&#8221;4.16&#8243; background_color=&#8221;#000000&#8243; custom_padding=&#8221;|||&#8221; global_colors_info=&#8221;{}&#8221;][et_pb_fullwidth_slider use_bg_overlay=&#8221;off&#8221; _builder_version=&#8221;4.27.5&#8243; min_height=&#8221;588px&#8221; custom_margin=&#8221;||-23px|||&#8221; custom_padding=&#8221;||2px|||&#8221; auto=&#8221;on&#8221; hover_enabled=&#8221;0&#8243; global_colors_info=&#8221;{}&#8221; sticky_enabled=&#8221;0&#8243;][et_pb_slide heading=&#8221;IL SEPOLOCRO&#8221; _builder_version=&#8221;4.27.5&#8243; background_image=&#8221;https:\/\/morteeorazionelanciano.it\/wp-content\/uploads\/2020\/02\/945_Alex-Marchesani.jpg&#8221; background_enable_image=&#8221;on&#8221; custom_padding=&#8221;||||false|false&#8221; hover_enabled=&#8221;0&#8243; global_colors_info=&#8221;{}&#8221; sticky_transition=&#8221;on&#8221; title_text=&#8221;945_Alex Marchesani&#8221; sticky_enabled=&#8221;0&#8243;][\/et_pb_slide][\/et_pb_fullwidth_slider][\/et_pb_section][et_pb_section fb_built=&#8221;1&#8243; _builder_version=&#8221;4.16&#8243; background_color=&#8221;#000000&#8243; global_colors_info=&#8221;{}&#8221;][et_pb_row column_structure=&#8221;2_5,3_5&#8243; _builder_version=&#8221;4.16&#8243; global_colors_info=&#8221;{}&#8221;][et_pb_column type=&#8221;2_5&#8243; _builder_version=&#8221;4.16&#8243; global_colors_info=&#8221;{}&#8221;][et_pb_image src=&#8221;https:\/\/morteeorazionelanciano.it\/wp-content\/uploads\/2020\/02\/945_Alex-Marchesani.jpg&#8221; _builder_version=&#8221;4.27.5&#8243; hover_enabled=&#8221;0&#8243; global_colors_info=&#8221;{}&#8221; title_text=&#8221;945_Alex Marchesani&#8221; sticky_enabled=&#8221;0&#8243;][\/et_pb_image][et_pb_image src=&#8221;https:\/\/morteeorazionelanciano.it\/wp-content\/uploads\/2020\/02\/Olivier-Jules111-scaled-1.jpg&#8221; _builder_version=&#8221;4.27.5&#8243; hover_enabled=&#8221;0&#8243; global_colors_info=&#8221;{}&#8221; title_text=&#8221;Olivier Jules111&#8243; sticky_enabled=&#8221;0&#8243;][\/et_pb_image][\/et_pb_column][et_pb_column type=&#8221;3_5&#8243; _builder_version=&#8221;4.16&#8243; global_colors_info=&#8221;{}&#8221;][et_pb_text _builder_version=&#8221;4.16&#8243; global_colors_info=&#8221;{}&#8221;]<\/p>\n<p><span style=\"color: #ffffff; font-size: large;\">IL SEPOLCRO<\/span><\/p>\n<p><span style=\"color: #ffffff; font-size: large;\">L&#8217;origine della rappresentazione scenografica ed artistica del SANTO SEPOLCRO venne inserita a cavallo degli anni &#8217;70 ed \u201880 quando, con il priore Giacinto Luciani, la solennit\u00e0 dei riti della settimana santa visse un momento molto forte. In quegli anni la visita al Sepolcro di Santa Chiara venne ufficialmente inserita nell&#8217;antica pratica devozionale della \u201cvisita alle sette chiese&#8221;.<\/span><br \/><span style=\"color: #ffffff; font-size: large;\"> Con il passare degli anni, l\u2019allestimento del santo sepolcro, inizi\u00f2 a ricoprire l&#8217;impegno tangibile dei confratelli nel realizzare scenografie sempre pi\u00f9 significative e importanti da consegnare alla citt\u00e0 di Lanciano.<\/span><br \/><span style=\"color: #ffffff; font-size: large;\"> La scelta del tema rappresentato all\u2019interno del Santo Sepolcro non \u00e8 mai casuale ma verte sulla riproduzione di simboli e momenti che possano ben rimandare alla straziante Passione di Ges\u00f9. Con l\u2019inizio del nuovo anno, finite le festivit\u00e0 del Santo Natale, diversi confratelli si riuniscono in consiglio, assieme al Direttivo del sodalizio, per presentare progetti, bozze ed idee per quello che sar\u00e0 il \u201csimbolo\u201d della prossima settimana santa. Vagliata e discussa la fattibilit\u00e0 di ogni proposta si giunge tutti insieme a scegliere quale rappresentazione realizzare. Durante il consiglio ogni singolo confratello cerca di dare spunti e accorgimenti alla rappresentazione per la migliore riuscita dell\u2019opera.<\/span><br \/><span style=\"color: #ffffff; font-size: large;\"> Scelto il progetto da rappresentare, si passa alla realizzazione della scena che avviene nel laboratorio della confraternita.<\/span><br \/><span style=\"color: #ffffff; font-size: large;\"> Durante tutto il periodo pre Pasquale il laboratorio non sar\u00e0 solo il mero locale che vedr\u00e0 la realizzazione del Santo Sepolcro , ma sar\u00e0 un vero e proprio punto di incontro dove nuove e vecchie amicizie si consolideranno. Nei tanti momenti di condivisione, ci si confronta con se stessi e con gli altri e non importa se si hanno o meno le capacit\u00e0 tecniche e pratiche, basta che ci sia il vero spirito che dovrebbe animare ogni confratello. La voglia di condividere insieme l\u2019amore per gli altri.<\/span><br \/><span style=\"color: #ffffff; font-size: large;\"> Ogni singolo pezzo viene realizzato a mano dai confratelli e in ogni singola parte della rappresentazione si racchiudono le preghiere, le invocazioni e soprattutto le emozioni scaturire dallo stare bene insieme e dal vedere che incontro dopo incontro il Santo Sepolcro prende forma.<\/span><br \/><span style=\"color: #ffffff; font-size: large;\"> Tra i confratelli si instaura un rapporto e un legame forte perch\u00e8 ci si sente a &#8220;casa&#8221;. Ci si racconta. Sia il bello, sia il brutto perch\u00e9 si ha la certezza di trovare sempre una mano consolatrice pronta, che con un sorriso o una dolce parola, ti d\u00e0 la forza di ripartire e andare avanti. Questo fa si che il Santo Sepolcro Sorga nel suo splendore pi\u00f9 bello perch\u00e8 oltre al significato liturgico racchiude ogni anno la vera forza di amicizia e di fraternit\u00e0 di chi lo realizza.<\/span><br \/><span style=\"color: #ffffff; font-size: large;\"> Si studia nel minimo dettaglio ogni particolare, anche la luce che con il suo gioco deve squarciare l&#8217;oscurit\u00e0 della Chiesa di Santa Chiara per mettere in risalto, nella scenografia del sepolcro, la centralit\u00e0 dell&#8217;Effigie del Cristo Morto. La stessa luce che, sprigionata dal Cristo, deve entrare nel cuore di ogni persona che lo contempla.<\/span><br \/><span style=\"color: #ffffff; font-size: large;\"> Il Giovedi Santo, ogni confratello, ogni consorella e ogni lancianese aspetta con ansia ad ora crepuscolare che il portone della chiesa venga aperto. Per scelta del consiglio uno o pi\u00f9 confratelli vengono incaricati dell\u2019apertura delle porte e quindi della consegna ufficiale alla comunit\u00e0 di Lanciano del Santo Sepolcro.<\/span><\/p>\n<p><span style=\"color: #ffffff; font-size: large;\"><\/span><\/p>\n<p>[\/et_pb_text][\/et_pb_column][\/et_pb_row][\/et_pb_section]<\/p>\n","protected":false},"excerpt":{"rendered":"<p>IL SEPOLCRO L&#8217;origine della rappresentazione scenografica ed artistica del SANTO SEPOLCRO venne inserita a cavallo degli anni &#8217;70 ed \u201880 quando, con il priore Giacinto Luciani, la solennit\u00e0 dei riti della settimana santa visse un momento molto forte. In quegli anni la visita al Sepolcro di Santa Chiara venne ufficialmente inserita nell&#8217;antica pratica devozionale della [&hellip;]<\/p>\n","protected":false},"author":2,"featured_media":0,"parent":0,"menu_order":0,"comment_status":"closed","ping_status":"closed","template":"","meta":{"_et_pb_use_builder":"on","_et_pb_old_content":"","_et_gb_content_width":"","footnotes":""},"class_list":["post-364","page","type-page","status-publish","hentry"],"_links":{"self":[{"href":"https:\/\/morteeorazionelanciano.it\/index.php?rest_route=\/wp\/v2\/pages\/364","targetHints":{"allow":["GET"]}}],"collection":[{"href":"https:\/\/morteeorazionelanciano.it\/index.php?rest_route=\/wp\/v2\/pages"}],"about":[{"href":"https:\/\/morteeorazionelanciano.it\/index.php?rest_route=\/wp\/v2\/types\/page"}],"author":[{"embeddable":true,"href":"https:\/\/morteeorazionelanciano.it\/index.php?rest_route=\/wp\/v2\/users\/2"}],"replies":[{"embeddable":true,"href":"https:\/\/morteeorazionelanciano.it\/index.php?rest_route=%2Fwp%2Fv2%2Fcomments&post=364"}],"version-history":[{"count":1,"href":"https:\/\/morteeorazionelanciano.it\/index.php?rest_route=\/wp\/v2\/pages\/364\/revisions"}],"predecessor-version":[{"id":1359,"href":"https:\/\/morteeorazionelanciano.it\/index.php?rest_route=\/wp\/v2\/pages\/364\/revisions\/1359"}],"wp:attachment":[{"href":"https:\/\/morteeorazionelanciano.it\/index.php?rest_route=%2Fwp%2Fv2%2Fmedia&parent=364"}],"curies":[{"name":"wp","href":"https:\/\/api.w.org\/{rel}","templated":true}]}}